{"id":4,"date":"2016-04-14T17:18:02","date_gmt":"2016-04-14T17:18:02","guid":{"rendered":"http:\/\/nobreprojetos.com.br\/painel\/especial\/?page_id=4"},"modified":"2016-04-15T23:29:09","modified_gmt":"2016-04-15T23:29:09","slug":"sobre","status":"publish","type":"page","link":"https:\/\/nobreprojetos.com.br\/painel\/especial\/","title":{"rendered":"sobre"},"content":{"rendered":"<p>[vc_row row_type=&#8221;row&#8221; use_row_as_full_screen_section=&#8221;no&#8221; type=&#8221;full_width&#8221; angled_section=&#8221;no&#8221; text_align=&#8221;left&#8221; background_image_as_pattern=&#8221;without_pattern&#8221; css_animation=&#8221;&#8221;][vc_column][layerslider_vc id=&#8221;1&#8243;][\/vc_column][\/vc_row][vc_row row_type=&#8221;row&#8221; use_row_as_full_screen_section=&#8221;no&#8221; type=&#8221;full_width&#8221; angled_section=&#8221;no&#8221; text_align=&#8221;left&#8221; background_image_as_pattern=&#8221;without_pattern&#8221; css_animation=&#8221;&#8221;][vc_column offset=&#8221;vc_hidden-md vc_hidden-sm vc_hidden-xs&#8221;][vc_row_inner row_type=&#8221;row&#8221; type=&#8221;grid&#8221; text_align=&#8221;left&#8221; background_color=&#8221;#fa7823&#8243; border_color=&#8221;#fa7823&#8243; row_negative_margin=&#8221;disable_negative_margin&#8221; padding_top=&#8221;10&#8243; padding_bottom=&#8221;10&#8243; css_animation=&#8221;&#8221;][vc_column_inner width=&#8221;1\/6&#8243;][\/vc_column_inner][vc_column_inner width=&#8221;1\/3&#8243;][vc_column_text]<\/p>\n<h4 style=\"text-align: center;\"><a title=\"sobre\" href=\"http:\/\/nobreprojetos.com.br\/painel\/especial\/\"><span style=\"color: #ffffff;\">Sobre<\/span><\/a><\/h4>\n<p>[\/vc_column_text][\/vc_column_inner][vc_column_inner width=&#8221;1\/3&#8243;][vc_column_text]<\/p>\n<h4 style=\"text-align: center;\"><a title=\"Projetos\" href=\"http:\/\/nobreprojetos.com.br\/painel\/especial\/projetos\/\"><span style=\"color: #ffffff;\">Projetos<\/span><\/a><\/h4>\n<p>[\/vc_column_text][\/vc_column_inner][vc_column_inner width=&#8221;1\/6&#8243;][\/vc_column_inner][\/vc_row_inner][\/vc_column][\/vc_row][vc_row row_type=&#8221;row&#8221; use_row_as_full_screen_section=&#8221;no&#8221; type=&#8221;full_width&#8221; angled_section=&#8221;no&#8221; text_align=&#8221;left&#8221; background_image_as_pattern=&#8221;without_pattern&#8221; css_animation=&#8221;&#8221;][vc_column offset=&#8221;vc_hidden-lg vc_hidden-sm&#8221;][vc_row_inner row_type=&#8221;row&#8221; type=&#8221;grid&#8221; text_align=&#8221;left&#8221; css_animation=&#8221;&#8221;][vc_column_inner][vc_empty_space height=&#8221;25px&#8221;][vc_column_text]<\/p>\n<h1><span style=\"color: #1ca5a1;\"><a href=\"http:\/\/nobreprojetos.com.br\/painel\/especial\/wp-content\/uploads\/sites\/5\/2016\/04\/icon-especiais.png\"><img loading=\"lazy\" decoding=\"async\" class=\"alignnone size-full wp-image-69\" src=\"http:\/\/nobreprojetos.com.br\/painel\/especial\/wp-content\/uploads\/sites\/5\/2016\/04\/icon-especiais.png\" alt=\"icon-especiais\" width=\"44\" height=\"35\" \/><\/a>\u00a0<span style=\"color: #cc3656;\">ESPECIAIS<\/span><\/span><\/h1>\n<p>[\/vc_column_text][vc_empty_space height=&#8221;35px&#8221;][vc_column_text]<\/p>\n<h4>Com experi\u00eancia de mercado h\u00e1 mais de 10 anos, a Nobre tem atuado com \u00eaxito em projetos de grande porte.<\/h4>\n<p>[\/vc_column_text][vc_empty_space height=&#8221;35px&#8221;][vc_column_text]<\/p>\n<h4>Buscamos solu\u00e7\u00f5es exclusivas e customizadas para a sua necessidade, com toda a versatilidade e dom\u00ednio das ferramentas necess\u00e1rias para o planejamento e execu\u00e7\u00e3o das obras.<\/h4>\n<p>[\/vc_column_text][vc_empty_space height=&#8221;35px&#8221;][\/vc_column_inner][\/vc_row_inner][vc_single_image image=&#8221;15&#8243; img_size=&#8221;full&#8221; alignment=&#8221;center&#8221; qode_css_animation=&#8221;&#8221;][\/vc_column][\/vc_row][vc_row row_type=&#8221;row&#8221; use_row_as_full_screen_section=&#8221;no&#8221; type=&#8221;full_width&#8221; angled_section=&#8221;no&#8221; text_align=&#8221;left&#8221; background_image=&#8221;12&#8243; background_image_as_pattern=&#8221;without_pattern&#8221; background_color=&#8221;#ffffff&#8221; css_animation=&#8221;&#8221;][vc_column offset=&#8221;vc_hidden-md vc_hidden-xs&#8221;][vc_row_inner row_type=&#8221;row&#8221; type=&#8221;grid&#8221; text_align=&#8221;left&#8221; css_animation=&#8221;&#8221;][vc_column_inner width=&#8221;1\/2&#8243; css=&#8221;.vc_custom_1452168298980{padding-top: 35px !important;padding-right: 35px !important;padding-bottom: 35px !important;padding-left: 35px !important;}&#8221;][vc_empty_space height=&#8221;400px&#8221;][\/vc_column_inner][vc_column_inner width=&#8221;1\/2&#8243; css=&#8221;.vc_custom_1453111836436{padding-left: 35px !important;}&#8221;][vc_empty_space height=&#8221;45px&#8221;][vc_column_text]<\/p>\n<h1><span style=\"color: #1ca5a1;\"><a href=\"http:\/\/nobreprojetos.com.br\/painel\/especial\/wp-content\/uploads\/sites\/5\/2016\/04\/icon-especiais.png\"><img loading=\"lazy\" decoding=\"async\" class=\"alignnone size-full wp-image-69\" src=\"http:\/\/nobreprojetos.com.br\/painel\/especial\/wp-content\/uploads\/sites\/5\/2016\/04\/icon-especiais.png\" alt=\"icon-especiais\" width=\"44\" height=\"35\" \/><\/a>\u00a0<span style=\"color: #cc3656;\">ESPECIAIS<\/span><\/span><\/h1>\n<p>[\/vc_column_text][vc_empty_space height=&#8221;35px&#8221;][vc_column_text]<\/p>\n<h4>H\u00e1 10 anos no mercado, a Nobre tamb\u00e9m atua com \u00eaxito em projetos de grande porte. Condom\u00ednios industriais e residenciais, loteamentos, pavimenta\u00e7\u00f5es e outras propostas, est\u00e3o entre os empreendimentos desenvolvidos.<\/h4>\n<p>[\/vc_column_text][vc_empty_space height=&#8221;35px&#8221;][vc_column_text]<\/p>\n<h4>A Nobre j\u00e1 esteve presente na realiza\u00e7\u00e3o de muitos projetos, atendendo a investidores e empresas de diversos perfis econ\u00f4micos e dos mais variados segmentos. Dispomos tamb\u00e9m de um departamento exclusivo de cria\u00e7\u00e3o, no qual contamos com profissionais altamente qualificados e experientes.<\/h4>\n<p>[\/vc_column_text][\/vc_column_inner][\/vc_row_inner][\/vc_column][\/vc_row][vc_row row_type=&#8221;row&#8221; use_row_as_full_screen_section=&#8221;no&#8221; type=&#8221;full_width&#8221; angled_section=&#8221;no&#8221; text_align=&#8221;left&#8221; background_image=&#8221;13&#8243; background_image_as_pattern=&#8221;without_pattern&#8221; css_animation=&#8221;&#8221;][vc_column offset=&#8221;vc_hidden-md vc_hidden-sm vc_hidden-xs&#8221;][vc_row_inner row_type=&#8221;row&#8221; type=&#8221;grid&#8221; text_align=&#8221;left&#8221; padding_top=&#8221;100&#8243; padding_bottom=&#8221;100&#8243; css_animation=&#8221;&#8221;][vc_column_inner width=&#8221;1\/2&#8243;][vc_column_text]<\/p>\n<h4>A inova\u00e7\u00e3o \u00e9 uma pe\u00e7a fundamental em nosso trabalho. Por isso, \u00e9 imprescind\u00edvel que estejamos atentos \u00e0s tend\u00eancias e necessidades do mercado, para, dessa forma, oferecer solu\u00e7\u00f5es inovadoras, rent\u00e1veis e exclusivas.<\/h4>\n<p>[\/vc_column_text][vc_empty_space height=&#8221;35px&#8221;][vc_column_text]<\/p>\n<h4>Em todos os projetos realizados, buscamos estabelecer uma rela\u00e7\u00e3o de confian\u00e7a com nossos clientes, com a cidade na qual o projeto est\u00e1 inserido e com o meio ambiente, sabendo que cada empreendimento deixar\u00e1 uma marca de desenvolvimento na constru\u00e7\u00e3o de um futuro melhor.<\/h4>\n<p>[\/vc_column_text][\/vc_column_inner][vc_column_inner width=&#8221;1\/2&#8243; css=&#8221;.vc_custom_1454428944560{padding-left: 35px !important;}&#8221;]<div class='q_icon_with_title medium custom_icon_image left_from_title'><div class=\"icon_text_holder\" style=\"\"><div class=\"icon_text_inner\" style=\"\"><div class=\"icon_title_holder\"><div class=\"icon_holder \" style=\" \"><img decoding=\"async\" style=\"\" src=\"https:\/\/nobreprojetos.com.br\/painel\/especial\/wp-content\/uploads\/sites\/5\/2016\/04\/loteamentos.png\" alt=\"\"><\/div><h3 class=\"icon_title\" style=\"color: #ffffff;font-weight: 300;\">Loteamentos<\/h3><\/div><p style=''><\/p><\/div><\/div><\/div>[vc_empty_space height=&#8221;25px&#8221;]<div class='q_icon_with_title medium custom_icon_image left_from_title'><div class=\"icon_text_holder\" style=\"\"><div class=\"icon_text_inner\" style=\"\"><div class=\"icon_title_holder\"><div class=\"icon_holder \" style=\" \"><img decoding=\"async\" style=\"\" src=\"https:\/\/nobreprojetos.com.br\/painel\/especial\/wp-content\/uploads\/sites\/5\/2016\/04\/condominio.png\" alt=\"\"><\/div><h3 class=\"icon_title\" style=\"color: #ffffff;font-weight: 300;\">Condom\u00ednios Industriais\/Residenciais<\/h3><\/div><p style=''><\/p><\/div><\/div><\/div>[vc_empty_space height=&#8221;25px&#8221;]<div class='q_icon_with_title medium custom_icon_image left_from_title'><div class=\"icon_text_holder\" style=\"\"><div class=\"icon_text_inner\" style=\"\"><div class=\"icon_title_holder\"><div class=\"icon_holder \" style=\" \"><img decoding=\"async\" style=\"\" src=\"https:\/\/nobreprojetos.com.br\/painel\/especial\/wp-content\/uploads\/sites\/5\/2016\/04\/pavimentacao.png\" alt=\"\"><\/div><h3 class=\"icon_title\" style=\"color: #ffffff;font-weight: 300;\">Pavimenta\u00e7\u00e3o<\/h3><\/div><p style=''><\/p><\/div><\/div><\/div>[\/vc_column_inner][\/vc_row_inner][\/vc_column][\/vc_row][vc_row row_type=&#8221;row&#8221; use_row_as_full_screen_section=&#8221;no&#8221; type=&#8221;full_width&#8221; angled_section=&#8221;no&#8221; text_align=&#8221;left&#8221; background_image_as_pattern=&#8221;without_pattern&#8221; css_animation=&#8221;&#8221;][vc_column offset=&#8221;vc_hidden-lg&#8221;][vc_row_inner row_type=&#8221;row&#8221; type=&#8221;grid&#8221; text_align=&#8221;left&#8221; css_animation=&#8221;&#8221;][vc_column_inner][vc_empty_space height=&#8221;20px&#8221;][vc_column_text]<\/p>\n<h4><span style=\"color: #5d5d5d;\">A Nobre j\u00e1 esteve presente na realiza\u00e7\u00e3o de diversos empreendimentos, atendendo a investidores e empresas de diversos perfis econ\u00f4micos e dos mais variados segmentos.<\/span><\/h4>\n<p>[\/vc_column_text][vc_empty_space height=&#8221;20px&#8221;][vc_column_text]<\/p>\n<h4><span style=\"color: #5d5d5d;\">Cada projeto realizado refor\u00e7a nossa rela\u00e7\u00e3o de confian\u00e7a com nossos clientes e gera bons resultados a todos os envolvidos.<\/span><\/h4>\n<p>[\/vc_column_text][vc_empty_space height=&#8221;20px&#8221;][\/vc_column_inner][\/vc_row_inner][\/vc_column][\/vc_row][vc_row row_type=&#8221;row&#8221; use_row_as_full_screen_section=&#8221;no&#8221; type=&#8221;full_width&#8221; angled_section=&#8221;no&#8221; text_align=&#8221;left&#8221; background_image=&#8221;18&#8243; background_image_as_pattern=&#8221;without_pattern&#8221; css_animation=&#8221;&#8221;][vc_column offset=&#8221;vc_hidden-lg&#8221;][vc_row_inner row_type=&#8221;row&#8221; type=&#8221;full_width&#8221; text_align=&#8221;left&#8221; padding_top=&#8221;100&#8243; padding_bottom=&#8221;100&#8243; css_animation=&#8221;&#8221;][vc_column_inner css=&#8221;.vc_custom_1454428944560{padding-left: 35px !important;}&#8221;]<div class='q_icon_with_title medium custom_icon_image left_from_title'><div class=\"icon_text_holder\" style=\"\"><div class=\"icon_text_inner\" style=\"\"><div class=\"icon_title_holder\"><div class=\"icon_holder \" style=\" \"><img decoding=\"async\" style=\"\" src=\"https:\/\/nobreprojetos.com.br\/painel\/especial\/wp-content\/uploads\/sites\/5\/2016\/04\/loteamentos.png\" alt=\"\"><\/div><h3 class=\"icon_title\" style=\"color: #ffffff;font-weight: 300;\">Loteamentos<\/h3><\/div><p style=''><\/p><\/div><\/div><\/div>[vc_empty_space height=&#8221;25px&#8221;]<div class='q_icon_with_title medium custom_icon_image left_from_title'><div class=\"icon_text_holder\" style=\"\"><div class=\"icon_text_inner\" style=\"\"><div class=\"icon_title_holder\"><div class=\"icon_holder \" style=\" \"><img decoding=\"async\" style=\"\" src=\"https:\/\/nobreprojetos.com.br\/painel\/especial\/wp-content\/uploads\/sites\/5\/2016\/04\/condominio.png\" alt=\"\"><\/div><h3 class=\"icon_title\" style=\"color: #ffffff;font-weight: 300;\">Condom\u00ednios Industriais\/Residenciais<\/h3><\/div><p style=''><\/p><\/div><\/div><\/div>[vc_empty_space height=&#8221;25px&#8221;]<div class='q_icon_with_title medium custom_icon_image left_from_title'><div class=\"icon_text_holder\" style=\"\"><div class=\"icon_text_inner\" style=\"\"><div class=\"icon_title_holder\"><div class=\"icon_holder \" style=\" \"><img decoding=\"async\" style=\"\" src=\"https:\/\/nobreprojetos.com.br\/painel\/especial\/wp-content\/uploads\/sites\/5\/2016\/04\/pavimentacao.png\" alt=\"\"><\/div><h3 class=\"icon_title\" style=\"color: #ffffff;font-weight: 300;\">Pavimenta\u00e7\u00e3o<\/h3><\/div><p style=''><\/p><\/div><\/div><\/div>[\/vc_column_inner][\/vc_row_inner][\/vc_column][\/vc_row][vc_row row_type=&#8221;row&#8221; use_row_as_full_screen_section=&#8221;no&#8221; type=&#8221;full_width&#8221; angled_section=&#8221;no&#8221; text_align=&#8221;left&#8221; background_image=&#8221;14&#8243; background_image_as_pattern=&#8221;without_pattern&#8221; css_animation=&#8221;&#8221;][vc_column offset=&#8221;vc_hidden-md vc_hidden-sm vc_hidden-xs&#8221;][vc_row_inner row_type=&#8221;row&#8221; type=&#8221;grid&#8221; text_align=&#8221;left&#8221; padding_top=&#8221;80&#8243; padding_bottom=&#8221;80&#8243; css_animation=&#8221;&#8221;][vc_column_inner width=&#8221;1\/2&#8243;][\/vc_column_inner][vc_column_inner width=&#8221;1\/2&#8243;][vc_single_image image=&#8221;11&#8243; img_size=&#8221;full&#8221; alignment=&#8221;center&#8221; qode_css_animation=&#8221;&#8221;][\/vc_column_inner][\/vc_row_inner][\/vc_column][\/vc_row][vc_row row_type=&#8221;row&#8221; use_row_as_full_screen_section=&#8221;no&#8221; type=&#8221;full_width&#8221; angled_section=&#8221;no&#8221; text_align=&#8221;left&#8221; background_image_as_pattern=&#8221;without_pattern&#8221; css_animation=&#8221;&#8221;][vc_column offset=&#8221;vc_hidden-lg&#8221;][vc_row_inner row_type=&#8221;row&#8221; type=&#8221;grid&#8221; text_align=&#8221;left&#8221; padding_top=&#8221;20&#8243; padding_bottom=&#8221;20&#8243; css_animation=&#8221;&#8221;][vc_column_inner][vc_empty_space height=&#8221;35px&#8221;][vc_single_image image=&#8221;11&#8243; img_size=&#8221;full&#8221; alignment=&#8221;center&#8221; qode_css_animation=&#8221;&#8221;][vc_empty_space height=&#8221;35px&#8221;][\/vc_column_inner][\/vc_row_inner][vc_single_image image=&#8221;17&#8243; img_size=&#8221;full&#8221; alignment=&#8221;center&#8221; qode_css_animation=&#8221;&#8221;][\/vc_column][\/vc_row][vc_row row_type=&#8221;row&#8221; use_row_as_full_screen_section=&#8221;no&#8221; type=&#8221;full_width&#8221; angled_section=&#8221;no&#8221; text_align=&#8221;left&#8221; background_image_as_pattern=&#8221;without_pattern&#8221; css_animation=&#8221;&#8221;][vc_column][vc_row_inner row_type=&#8221;row&#8221; type=&#8221;full_width&#8221; text_align=&#8221;left&#8221; css_animation=&#8221;&#8221;][vc_column_inner][vc_empty_space height=&#8221;45px&#8221;][vc_column_text]<\/p>\n<h3 style=\"text-align: center;\"><strong><span style=\"color: #f47828;\">ESPECIAL<\/span><\/strong><\/h3>\n<p>[\/vc_column_text][vc_empty_space height=&#8221;45px&#8221;][\/vc_column_inner][\/vc_row_inner][\/vc_column][\/vc_row][vc_row row_type=&#8221;parallax&#8221; parallax_content_width=&#8221;in_grid&#8221; text_align=&#8221;left&#8221; background_image=&#8221;16&#8243;][vc_column css=&#8221;.vc_custom_1453315272897{margin-top: 25px !important;margin-bottom: 25px !important;border-top-width: 3px !important;border-right-width: 3px !important;border-bottom-width: 3px !important;border-left-width: 3px !important;border-left-color: #f47828 !important;border-left-style: solid !important;border-right-color: #f47828 !important;border-right-style: solid !important;border-top-color: #f47828 !important;border-top-style: solid !important;border-bottom-color: #f47828 !important;border-bottom-style: solid !important;border-radius: 15px !important;}&#8221;][vc_row_inner row_type=&#8221;row&#8221; type=&#8221;full_width&#8221; text_align=&#8221;left&#8221; padding_top=&#8221;90&#8243; padding_bottom=&#8221;45&#8243; css_animation=&#8221;&#8221;][vc_column_inner width=&#8221;1\/4&#8243;][vc_single_image image=&#8221;19&#8243; img_size=&#8221;full&#8221; alignment=&#8221;center&#8221; qode_css_animation=&#8221;&#8221;][vc_empty_space height=&#8221;15px&#8221;][vc_column_text]<\/p>\n<p style=\"text-align: center;\"><span style=\"color: #f47828;\"><strong>Know-how<\/strong><\/span><\/p>\n<p>[\/vc_column_text][vc_empty_space height=&#8221;15px&#8221;][\/vc_column_inner][vc_column_inner width=&#8221;1\/4&#8243;][vc_single_image image=&#8221;20&#8243; img_size=&#8221;full&#8221; alignment=&#8221;center&#8221; qode_css_animation=&#8221;&#8221;][vc_empty_space height=&#8221;15px&#8221;][vc_column_text]<\/p>\n<p style=\"text-align: center;\"><span style=\"color: #f47828;\"><strong>Versatilidade<\/strong><\/span><\/p>\n<p>[\/vc_column_text][vc_empty_space height=&#8221;15px&#8221;][\/vc_column_inner][vc_column_inner width=&#8221;1\/4&#8243;][vc_single_image image=&#8221;21&#8243; img_size=&#8221;full&#8221; alignment=&#8221;center&#8221; qode_css_animation=&#8221;&#8221;][vc_empty_space height=&#8221;15px&#8221;][vc_column_text]<\/p>\n<p style=\"text-align: center;\"><strong><span style=\"color: #f47828;\">Empreendimentos<\/span><\/strong><br \/>\n<strong><span style=\"color: #f47828;\">de destaque<\/span><\/strong><\/p>\n<p>[\/vc_column_text][vc_empty_space height=&#8221;15px&#8221;][\/vc_column_inner][vc_column_inner width=&#8221;1\/4&#8243;][vc_single_image image=&#8221;22&#8243; img_size=&#8221;full&#8221; alignment=&#8221;center&#8221; qode_css_animation=&#8221;&#8221;][vc_empty_space height=&#8221;15px&#8221;][vc_column_text]<\/p>\n<p style=\"text-align: center;\"><span style=\"color: #f47828;\"><strong>Tecnologia<\/strong><\/span><br \/>\n<span style=\"color: #f47828;\"><strong>e qualidade<\/strong><\/span><\/p>\n<p>[\/vc_column_text][vc_empty_space height=&#8221;15px&#8221;][\/vc_column_inner][\/vc_row_inner][\/vc_column][\/vc_row]<\/p>\n","protected":false},"excerpt":{"rendered":"<p>[vc_row row_type=&#8221;row&#8221; use_row_as_full_screen_section=&#8221;no&#8221; type=&#8221;full_width&#8221; angled_section=&#8221;no&#8221; text_align=&#8221;left&#8221; background_image_as_pattern=&#8221;without_pattern&#8221; css_animation=&#8221;&#8221;][vc_column][layerslider_vc id=&#8221;1&#8243;][\/vc_column][\/vc_row][vc_row row_type=&#8221;row&#8221; use_row_as_full_screen_section=&#8221;no&#8221; type=&#8221;full_width&#8221; angled_section=&#8221;no&#8221; text_align=&#8221;left&#8221; background_image_as_pattern=&#8221;without_pattern&#8221; css_animation=&#8221;&#8221;][vc_column offset=&#8221;vc_hidden-md vc_hidden-sm vc_hidden-xs&#8221;][vc_row_inner row_type=&#8221;row&#8221; type=&#8221;grid&#8221; text_align=&#8221;left&#8221; background_color=&#8221;#fa7823&#8243; border_color=&#8221;#fa7823&#8243; row_negative_margin=&#8221;disable_negative_margin&#8221; padding_top=&#8221;10&#8243; padding_bottom=&#8221;10&#8243; css_animation=&#8221;&#8221;][vc_column_inner width=&#8221;1\/6&#8243;][\/vc_column_inner][vc_column_inner width=&#8221;1\/3&#8243;][vc_column_text] Sobre [\/vc_column_text][\/vc_column_inner][vc_column_inner width=&#8221;1\/3&#8243;][vc_column_text] Projetos [\/vc_column_text][\/vc_column_inner][vc_column_inner width=&#8221;1\/6&#8243;][\/vc_column_inner][\/vc_row_inner][\/vc_column][\/vc_row][vc_row row_type=&#8221;row&#8221; use_row_as_full_screen_section=&#8221;no&#8221; type=&#8221;full_width&#8221; angled_section=&#8221;no&#8221; text_align=&#8221;left&#8221; background_image_as_pattern=&#8221;without_pattern&#8221; css_animation=&#8221;&#8221;][vc_column offset=&#8221;vc_hidden-lg vc_hidden-sm&#8221;][vc_row_inner&#8230;<\/p>\n","protected":false},"author":1,"featured_media":0,"parent":0,"menu_order":0,"comment_status":"open","ping_status":"open","template":"full_width.php","meta":{"footnotes":""},"class_list":["post-4","page","type-page","status-publish","hentry"],"_links":{"self":[{"href":"https:\/\/nobreprojetos.com.br\/painel\/especial\/wp-json\/wp\/v2\/pages\/4","targetHints":{"allow":["GET"]}}],"collection":[{"href":"https:\/\/nobreprojetos.com.br\/painel\/especial\/wp-json\/wp\/v2\/pages"}],"about":[{"href":"https:\/\/nobreprojetos.com.br\/painel\/especial\/wp-json\/wp\/v2\/types\/page"}],"author":[{"embeddable":true,"href":"https:\/\/nobreprojetos.com.br\/painel\/especial\/wp-json\/wp\/v2\/users\/1"}],"replies":[{"embeddable":true,"href":"https:\/\/nobreprojetos.com.br\/painel\/especial\/wp-json\/wp\/v2\/comments?post=4"}],"version-history":[{"count":30,"href":"https:\/\/nobreprojetos.com.br\/painel\/especial\/wp-json\/wp\/v2\/pages\/4\/revisions"}],"predecessor-version":[{"id":78,"href":"https:\/\/nobreprojetos.com.br\/painel\/especial\/wp-json\/wp\/v2\/pages\/4\/revisions\/78"}],"wp:attachment":[{"href":"https:\/\/nobreprojetos.com.br\/painel\/especial\/wp-json\/wp\/v2\/media?parent=4"}],"curies":[{"name":"wp","href":"https:\/\/api.w.org\/{rel}","templated":true}]}}